{"id":1706,"date":"2026-02-26T20:59:15","date_gmt":"2026-02-26T23:59:15","guid":{"rendered":"https:\/\/clubpandora.cl\/?post_type=product&#038;p=1706"},"modified":"2026-02-26T21:09:33","modified_gmt":"2026-02-27T00:09:33","slug":"sabado-28-noche-exclusiva-sexy-y-audaz-solo-para-parejas-y-chicas-solas-haz-tu-reserva-atraves-de-nuestro-wsp-56950011918","status":"publish","type":"product","link":"https:\/\/clubpandora.cl\/index.php\/producto\/sabado-28-noche-exclusiva-sexy-y-audaz-solo-para-parejas-y-chicas-solas-haz-tu-reserva-atraves-de-nuestro-wsp-56950011918\/","title":{"rendered":"SABADO 28 , NOCHE EXCLUSIVA ,SEXY Y AUDAZ ,SOLO PARA PAREJAS Y CHICAS SOLAS , HAZ TU RESERVA ATRAVES DE NUESTRO WSP +56950011918"},"content":{"rendered":"","protected":false},"excerpt":{"rendered":"<p>Este ultimo S\u00e1bado de Febrero te esperamos como siempre a partir de las 22,30 , una noche sensual cargada de energ\u00eda er\u00f3tica , solo para parejas juguetonas y chicas que buscan una experiencias\u00a0 audaces.<\/p>\n<p>Sexy\u00a0 show de nuestra bella y candente\u00a0 GISELLE JOFRE\u00a0 Y EL SENSUAL JESUS .<\/p>\n<p>Una noche de cuerpos al limite y la dulce tentaci\u00f3n de experimentar nuevas sensaciones &#8230;<\/p>\n<p>Todo y mas lo encuentras en PANDORA CLUB BAR ,siempre con\u00a0 el mejor ambiente para adultos en Santiago.<\/p>\n","protected":false},"featured_media":1707,"comment_status":"open","ping_status":"closed","template":"","meta":{"_uag_custom_page_level_css":""},"pwb-brand":[],"product_cat":[19],"product_tag":[],"class_list":{"0":"post-1706","1":"product","2":"type-product","3":"status-publish","4":"has-post-thumbnail","6":"product_cat-sin-categoria","8":"first","9":"instock","10":"taxable","11":"shipping-taxable","12":"purchasable","13":"product-type-simple"},"uagb_featured_image_src":{"full":["https:\/\/clubpandora.cl\/wp-content\/uploads\/2026\/02\/IMG-20260223-WA0001.jpg",1080,1080,false],"thumbnail":["https:\/\/clubpandora.cl\/wp-content\/uploads\/2026\/02\/IMG-20260223-WA0001-150x150.jpg",150,150,true],"medium":["https:\/\/clubpandora.cl\/wp-content\/uploads\/2026\/02\/IMG-20260223-WA0001-300x300.jpg",300,300,true],"medium_large":["https:\/\/clubpandora.cl\/wp-content\/uploads\/2026\/02\/IMG-20260223-WA0001-768x768.jpg",768,768,true],"large":["https:\/\/clubpandora.cl\/wp-content\/uploads\/2026\/02\/IMG-20260223-WA0001-1024x1024.jpg",1024,1024,true],"1536x1536":["https:\/\/clubpandora.cl\/wp-content\/uploads\/2026\/02\/IMG-20260223-WA0001.jpg",1080,1080,false],"2048x2048":["https:\/\/clubpandora.cl\/wp-content\/uploads\/2026\/02\/IMG-20260223-WA0001.jpg",1080,1080,false],"woocommerce_thumbnail":["https:\/\/clubpandora.cl\/wp-content\/uploads\/2026\/02\/IMG-20260223-WA0001-300x300.jpg",300,300,true],"woocommerce_single":["https:\/\/clubpandora.cl\/wp-content\/uploads\/2026\/02\/IMG-20260223-WA0001-600x600.jpg",600,600,true],"woocommerce_gallery_thumbnail":["https:\/\/clubpandora.cl\/wp-content\/uploads\/2026\/02\/IMG-20260223-WA0001-100x100.jpg",100,100,true]},"uagb_author_info":{"display_name":"Admin Pandora","author_link":"https:\/\/clubpandora.cl\/index.php\/author\/"},"uagb_comment_info":0,"uagb_excerpt":"Este ultimo S\u00e1bado de Febrero te esperamos como siempre a partir de las 22,30 , una noche sensual cargada de energ\u00eda er\u00f3tica , solo para parejas juguetonas y chicas que buscan una experiencias\u00a0 audaces. Sexy\u00a0 show de nuestra bella y candente\u00a0 GISELLE JOFRE\u00a0 Y EL SENSUAL JESUS . Una noche de cuerpos al limite y&hellip;","brands":[],"_links":{"self":[{"href":"https:\/\/clubpandora.cl\/index.php\/wp-json\/wp\/v2\/product\/1706","targetHints":{"allow":["GET"]}}],"collection":[{"href":"https:\/\/clubpandora.cl\/index.php\/wp-json\/wp\/v2\/product"}],"about":[{"href":"https:\/\/clubpandora.cl\/index.php\/wp-json\/wp\/v2\/types\/product"}],"replies":[{"embeddable":true,"href":"https:\/\/clubpandora.cl\/index.php\/wp-json\/wp\/v2\/comments?post=1706"}],"wp:featuredmedia":[{"embeddable":true,"href":"https:\/\/clubpandora.cl\/index.php\/wp-json\/wp\/v2\/media\/1707"}],"wp:attachment":[{"href":"https:\/\/clubpandora.cl\/index.php\/wp-json\/wp\/v2\/media?parent=1706"}],"wp:term":[{"taxonomy":"pwb-brand","embeddable":true,"href":"https:\/\/clubpandora.cl\/index.php\/wp-json\/wp\/v2\/pwb-brand?post=1706"},{"taxonomy":"product_cat","embeddable":true,"href":"https:\/\/clubpandora.cl\/index.php\/wp-json\/wp\/v2\/product_cat?post=1706"},{"taxonomy":"product_tag","embeddable":true,"href":"https:\/\/clubpandora.cl\/index.php\/wp-json\/wp\/v2\/product_tag?post=1706"}],"curies":[{"name":"wp","href":"https:\/\/api.w.org\/{rel}","templated":true}]}}