{"id":1697,"date":"2026-02-11T11:02:23","date_gmt":"2026-02-11T14:02:23","guid":{"rendered":"https:\/\/clubpandora.cl\/?post_type=product&#038;p=1697"},"modified":"2026-02-11T11:18:25","modified_gmt":"2026-02-11T14:18:25","slug":"viernes-13-pandora-club-te-espera-a-partir-de-las-2230-con-una-fiesta-especial-para-parejas-solos-y-solas-una-noche-de-corazones-en-llamas-haz-tu-reserva-solo-a-traves-de-nuestro-wsp-5695","status":"publish","type":"product","link":"https:\/\/clubpandora.cl\/index.php\/producto\/viernes-13-pandora-club-te-espera-a-partir-de-las-2230-con-una-fiesta-especial-para-parejas-solos-y-solas-una-noche-de-corazones-en-llamas-haz-tu-reserva-solo-a-traves-de-nuestro-wsp-5695\/","title":{"rendered":"VIERNES 13 , PANDORA CLUB .TE ESPERA A PARTIR DE LAS 22,30 CON UNA FIESTA ESPECIAL PARA PAREJAS , SOLOS Y SOLAS , UNA NOCHE DE * CORAZONES EN LLAMAS * HAZ TU RESERVA SOLO A TRAVES DE NUESTRO WSP +56950011918"},"content":{"rendered":"","protected":false},"excerpt":{"rendered":"<p>Este Viernes 13 te esperamos en la previa de SAN VALENTIN . Una\u00a0 jornada para quienes buscan experimentar , conocer ,y disfrutar del ambiente mas sexy , noche de parejas , chicas y chicos solos.<\/p>\n<p>Ven y conoce un espacio atrayente y seductor , sensuales shows ,variada m\u00fasica , animaci\u00f3n interactiva ,barra de trago muy completa , zonas de conversaci\u00f3n , pista de baile y mucho mas .<\/p>\n","protected":false},"featured_media":1698,"comment_status":"open","ping_status":"closed","template":"","meta":{"_uag_custom_page_level_css":""},"pwb-brand":[],"product_cat":[19],"product_tag":[],"class_list":{"0":"post-1697","1":"product","2":"type-product","3":"status-publish","4":"has-post-thumbnail","6":"product_cat-sin-categoria","8":"first","9":"instock","10":"taxable","11":"shipping-taxable","12":"purchasable","13":"product-type-simple"},"uagb_featured_image_src":{"full":["https:\/\/clubpandora.cl\/wp-content\/uploads\/2026\/02\/IMG-20260210-WA0017.jpg",1080,1080,false],"thumbnail":["https:\/\/clubpandora.cl\/wp-content\/uploads\/2026\/02\/IMG-20260210-WA0017-150x150.jpg",150,150,true],"medium":["https:\/\/clubpandora.cl\/wp-content\/uploads\/2026\/02\/IMG-20260210-WA0017-300x300.jpg",300,300,true],"medium_large":["https:\/\/clubpandora.cl\/wp-content\/uploads\/2026\/02\/IMG-20260210-WA0017-768x768.jpg",768,768,true],"large":["https:\/\/clubpandora.cl\/wp-content\/uploads\/2026\/02\/IMG-20260210-WA0017-1024x1024.jpg",1024,1024,true],"1536x1536":["https:\/\/clubpandora.cl\/wp-content\/uploads\/2026\/02\/IMG-20260210-WA0017.jpg",1080,1080,false],"2048x2048":["https:\/\/clubpandora.cl\/wp-content\/uploads\/2026\/02\/IMG-20260210-WA0017.jpg",1080,1080,false],"woocommerce_thumbnail":["https:\/\/clubpandora.cl\/wp-content\/uploads\/2026\/02\/IMG-20260210-WA0017-300x300.jpg",300,300,true],"woocommerce_single":["https:\/\/clubpandora.cl\/wp-content\/uploads\/2026\/02\/IMG-20260210-WA0017-600x600.jpg",600,600,true],"woocommerce_gallery_thumbnail":["https:\/\/clubpandora.cl\/wp-content\/uploads\/2026\/02\/IMG-20260210-WA0017-100x100.jpg",100,100,true]},"uagb_author_info":{"display_name":"Admin Pandora","author_link":"https:\/\/clubpandora.cl\/index.php\/author\/"},"uagb_comment_info":0,"uagb_excerpt":"Este Viernes 13 te esperamos en la previa de SAN VALENTIN . Una\u00a0 jornada para quienes buscan experimentar , conocer ,y disfrutar del ambiente mas sexy , noche de parejas , chicas y chicos solos. Ven y conoce un espacio atrayente y seductor , sensuales shows ,variada m\u00fasica , animaci\u00f3n interactiva ,barra de trago muy&hellip;","brands":[],"_links":{"self":[{"href":"https:\/\/clubpandora.cl\/index.php\/wp-json\/wp\/v2\/product\/1697","targetHints":{"allow":["GET"]}}],"collection":[{"href":"https:\/\/clubpandora.cl\/index.php\/wp-json\/wp\/v2\/product"}],"about":[{"href":"https:\/\/clubpandora.cl\/index.php\/wp-json\/wp\/v2\/types\/product"}],"replies":[{"embeddable":true,"href":"https:\/\/clubpandora.cl\/index.php\/wp-json\/wp\/v2\/comments?post=1697"}],"wp:featuredmedia":[{"embeddable":true,"href":"https:\/\/clubpandora.cl\/index.php\/wp-json\/wp\/v2\/media\/1698"}],"wp:attachment":[{"href":"https:\/\/clubpandora.cl\/index.php\/wp-json\/wp\/v2\/media?parent=1697"}],"wp:term":[{"taxonomy":"pwb-brand","embeddable":true,"href":"https:\/\/clubpandora.cl\/index.php\/wp-json\/wp\/v2\/pwb-brand?post=1697"},{"taxonomy":"product_cat","embeddable":true,"href":"https:\/\/clubpandora.cl\/index.php\/wp-json\/wp\/v2\/product_cat?post=1697"},{"taxonomy":"product_tag","embeddable":true,"href":"https:\/\/clubpandora.cl\/index.php\/wp-json\/wp\/v2\/product_tag?post=1697"}],"curies":[{"name":"wp","href":"https:\/\/api.w.org\/{rel}","templated":true}]}}