{"id":1638,"date":"2025-12-30T17:08:28","date_gmt":"2025-12-30T20:08:28","guid":{"rendered":"https:\/\/clubpandora.cl\/?post_type=product&#038;p=1638"},"modified":"2025-12-30T17:21:21","modified_gmt":"2025-12-30T20:21:21","slug":"pandora-club-bar-da-la-bienvenida-al-2026-con-un-evento-especial-tematico-una-noche-llena-de-sensualidad-ritmo-y-sabor-caribeno-los-esperamos-a-partir-de-las-22-horas-con-nuestra-fiesta-noche-c","status":"publish","type":"product","link":"https:\/\/clubpandora.cl\/index.php\/producto\/pandora-club-bar-da-la-bienvenida-al-2026-con-un-evento-especial-tematico-una-noche-llena-de-sensualidad-ritmo-y-sabor-caribeno-los-esperamos-a-partir-de-las-22-horas-con-nuestra-fiesta-noche-c\/","title":{"rendered":"PANDORA CLUB BAR DA LA BIENVENIDA AL 2026 CON UN EVENTO ESPECIAL TEMATICO , UNA NOCHE LLENA DE SENSUALIDAD , RITMO Y SABOR CARIBE\u00d1O, LOS ESPERAMOS A PARTIR DE LAS 22 HORAS CON NUESTRA FIESTA * NOCHE CUBANA + reservas solo a trav\u00e9s de nuestro wsp +56950011918"},"content":{"rendered":"","protected":false},"excerpt":{"rendered":"<p>Este S\u00e1bado 3 de Enero\u00a0 le damos la bienvenida\u00a0 al nuevo a\u00f1o\u00a0 con&#8221; SABOR , RITMO, SENSUALIDAD Y TODA\u00a0 LA SABROSURA\u00a0 CARIBE\u00d1A&#8221; , los esperamos con un evento tem\u00e1tico\u00a0 lleno de energ\u00eda para comenzar el a\u00f1o , sensacional\u00a0 show\u00a0 de TROPICUBA, copa de espumante de cortes\u00eda\u00a0 mas cover con la entrada , regalito tem\u00e1tico\u00a0 para la fiesta\u00a0 c\u00f3digo de vestir\u00a0 caribe\u00f1o o similar&#8230;.<\/p>\n<p>RESERVAS solo a trav\u00e9s de nuestro WSP .<\/p>\n<p>PANDORA CLUB BAR , un espacio diferente para gente audaz,<\/p>\n","protected":false},"featured_media":1639,"comment_status":"open","ping_status":"closed","template":"","meta":{"_uag_custom_page_level_css":""},"pwb-brand":[],"product_cat":[19],"product_tag":[],"class_list":{"0":"post-1638","1":"product","2":"type-product","3":"status-publish","4":"has-post-thumbnail","6":"product_cat-sin-categoria","8":"first","9":"instock","10":"taxable","11":"shipping-taxable","12":"purchasable","13":"product-type-simple"},"uagb_featured_image_src":{"full":["https:\/\/clubpandora.cl\/wp-content\/uploads\/2025\/12\/IMG-20251228-WA0000.jpg",1080,1080,false],"thumbnail":["https:\/\/clubpandora.cl\/wp-content\/uploads\/2025\/12\/IMG-20251228-WA0000-150x150.jpg",150,150,true],"medium":["https:\/\/clubpandora.cl\/wp-content\/uploads\/2025\/12\/IMG-20251228-WA0000-300x300.jpg",300,300,true],"medium_large":["https:\/\/clubpandora.cl\/wp-content\/uploads\/2025\/12\/IMG-20251228-WA0000-768x768.jpg",768,768,true],"large":["https:\/\/clubpandora.cl\/wp-content\/uploads\/2025\/12\/IMG-20251228-WA0000-1024x1024.jpg",1024,1024,true],"1536x1536":["https:\/\/clubpandora.cl\/wp-content\/uploads\/2025\/12\/IMG-20251228-WA0000.jpg",1080,1080,false],"2048x2048":["https:\/\/clubpandora.cl\/wp-content\/uploads\/2025\/12\/IMG-20251228-WA0000.jpg",1080,1080,false],"woocommerce_thumbnail":["https:\/\/clubpandora.cl\/wp-content\/uploads\/2025\/12\/IMG-20251228-WA0000-300x300.jpg",300,300,true],"woocommerce_single":["https:\/\/clubpandora.cl\/wp-content\/uploads\/2025\/12\/IMG-20251228-WA0000-600x600.jpg",600,600,true],"woocommerce_gallery_thumbnail":["https:\/\/clubpandora.cl\/wp-content\/uploads\/2025\/12\/IMG-20251228-WA0000-100x100.jpg",100,100,true]},"uagb_author_info":{"display_name":"Admin Pandora","author_link":"https:\/\/clubpandora.cl\/index.php\/author\/"},"uagb_comment_info":0,"uagb_excerpt":"Este S\u00e1bado 3 de Enero\u00a0 le damos la bienvenida\u00a0 al nuevo a\u00f1o\u00a0 con\" SABOR , RITMO, SENSUALIDAD Y TODA\u00a0 LA SABROSURA\u00a0 CARIBE\u00d1A\" , los esperamos con un evento tem\u00e1tico\u00a0 lleno de energ\u00eda para comenzar el a\u00f1o , sensacional\u00a0 show\u00a0 de TROPICUBA, copa de espumante de cortes\u00eda\u00a0 mas cover con la entrada , regalito tem\u00e1tico\u00a0 para&hellip;","brands":[],"_links":{"self":[{"href":"https:\/\/clubpandora.cl\/index.php\/wp-json\/wp\/v2\/product\/1638","targetHints":{"allow":["GET"]}}],"collection":[{"href":"https:\/\/clubpandora.cl\/index.php\/wp-json\/wp\/v2\/product"}],"about":[{"href":"https:\/\/clubpandora.cl\/index.php\/wp-json\/wp\/v2\/types\/product"}],"replies":[{"embeddable":true,"href":"https:\/\/clubpandora.cl\/index.php\/wp-json\/wp\/v2\/comments?post=1638"}],"wp:featuredmedia":[{"embeddable":true,"href":"https:\/\/clubpandora.cl\/index.php\/wp-json\/wp\/v2\/media\/1639"}],"wp:attachment":[{"href":"https:\/\/clubpandora.cl\/index.php\/wp-json\/wp\/v2\/media?parent=1638"}],"wp:term":[{"taxonomy":"pwb-brand","embeddable":true,"href":"https:\/\/clubpandora.cl\/index.php\/wp-json\/wp\/v2\/pwb-brand?post=1638"},{"taxonomy":"product_cat","embeddable":true,"href":"https:\/\/clubpandora.cl\/index.php\/wp-json\/wp\/v2\/product_cat?post=1638"},{"taxonomy":"product_tag","embeddable":true,"href":"https:\/\/clubpandora.cl\/index.php\/wp-json\/wp\/v2\/product_tag?post=1638"}],"curies":[{"name":"wp","href":"https:\/\/api.w.org\/{rel}","templated":true}]}}