{"id":1599,"date":"2025-11-26T20:41:54","date_gmt":"2025-11-26T23:41:54","guid":{"rendered":"https:\/\/clubpandora.cl\/?post_type=product&#038;p=1599"},"modified":"2025-11-26T20:49:25","modified_gmt":"2025-11-26T23:49:25","slug":"sabado-29-evento-especial-y-exclusivo-para-parejas-y-chicas-solas-pandora-te-espera-con-su-evento-party-erotic-reservas-solo-en-nuestro-wsp-56950011918","status":"publish","type":"product","link":"https:\/\/clubpandora.cl\/index.php\/producto\/sabado-29-evento-especial-y-exclusivo-para-parejas-y-chicas-solas-pandora-te-espera-con-su-evento-party-erotic-reservas-solo-en-nuestro-wsp-56950011918\/","title":{"rendered":"SABADO 29 EVENTO ESPECIAL Y EXCLUSIVO PARA PAREJAS Y CHICAS SOLAS , PANDORA TE ESPERA CON SU EVENTO *PARTY EROTIC* RESERVAS SOLO EN NUESTRO WSP +56950011918"},"content":{"rendered":"","protected":false},"excerpt":{"rendered":"<p>Este s\u00e1bado 29 despedimos noviembre con una muy sexy fiesta , una jornada cargada de er\u00f3tica energ\u00eda , te esperamos\u00a0 como siempre a partir de las 22,30 horas&#8230;<\/p>\n<p>Sensual show de nuestra bella amiga SARA JOFRE y\u00a0 el varonil LAZARO , reservas solo por WSP<\/p>\n","protected":false},"featured_media":1600,"comment_status":"open","ping_status":"closed","template":"","meta":{"_uag_custom_page_level_css":""},"pwb-brand":[],"product_cat":[19],"product_tag":[],"class_list":{"0":"post-1599","1":"product","2":"type-product","3":"status-publish","4":"has-post-thumbnail","6":"product_cat-sin-categoria","8":"first","9":"instock","10":"taxable","11":"shipping-taxable","12":"purchasable","13":"product-type-simple"},"uagb_featured_image_src":{"full":["https:\/\/clubpandora.cl\/wp-content\/uploads\/2025\/11\/IMG-20251125-WA0001.jpg",1080,1080,false],"thumbnail":["https:\/\/clubpandora.cl\/wp-content\/uploads\/2025\/11\/IMG-20251125-WA0001-150x150.jpg",150,150,true],"medium":["https:\/\/clubpandora.cl\/wp-content\/uploads\/2025\/11\/IMG-20251125-WA0001-300x300.jpg",300,300,true],"medium_large":["https:\/\/clubpandora.cl\/wp-content\/uploads\/2025\/11\/IMG-20251125-WA0001-768x768.jpg",768,768,true],"large":["https:\/\/clubpandora.cl\/wp-content\/uploads\/2025\/11\/IMG-20251125-WA0001-1024x1024.jpg",1024,1024,true],"1536x1536":["https:\/\/clubpandora.cl\/wp-content\/uploads\/2025\/11\/IMG-20251125-WA0001.jpg",1080,1080,false],"2048x2048":["https:\/\/clubpandora.cl\/wp-content\/uploads\/2025\/11\/IMG-20251125-WA0001.jpg",1080,1080,false],"woocommerce_thumbnail":["https:\/\/clubpandora.cl\/wp-content\/uploads\/2025\/11\/IMG-20251125-WA0001-300x300.jpg",300,300,true],"woocommerce_single":["https:\/\/clubpandora.cl\/wp-content\/uploads\/2025\/11\/IMG-20251125-WA0001-600x600.jpg",600,600,true],"woocommerce_gallery_thumbnail":["https:\/\/clubpandora.cl\/wp-content\/uploads\/2025\/11\/IMG-20251125-WA0001-100x100.jpg",100,100,true]},"uagb_author_info":{"display_name":"Admin Pandora","author_link":"https:\/\/clubpandora.cl\/index.php\/author\/"},"uagb_comment_info":0,"uagb_excerpt":"Este s\u00e1bado 29 despedimos noviembre con una muy sexy fiesta , una jornada cargada de er\u00f3tica energ\u00eda , te esperamos\u00a0 como siempre a partir de las 22,30 horas... Sensual show de nuestra bella amiga SARA JOFRE y\u00a0 el varonil LAZARO , reservas solo por WSP","brands":[],"_links":{"self":[{"href":"https:\/\/clubpandora.cl\/index.php\/wp-json\/wp\/v2\/product\/1599","targetHints":{"allow":["GET"]}}],"collection":[{"href":"https:\/\/clubpandora.cl\/index.php\/wp-json\/wp\/v2\/product"}],"about":[{"href":"https:\/\/clubpandora.cl\/index.php\/wp-json\/wp\/v2\/types\/product"}],"replies":[{"embeddable":true,"href":"https:\/\/clubpandora.cl\/index.php\/wp-json\/wp\/v2\/comments?post=1599"}],"wp:featuredmedia":[{"embeddable":true,"href":"https:\/\/clubpandora.cl\/index.php\/wp-json\/wp\/v2\/media\/1600"}],"wp:attachment":[{"href":"https:\/\/clubpandora.cl\/index.php\/wp-json\/wp\/v2\/media?parent=1599"}],"wp:term":[{"taxonomy":"pwb-brand","embeddable":true,"href":"https:\/\/clubpandora.cl\/index.php\/wp-json\/wp\/v2\/pwb-brand?post=1599"},{"taxonomy":"product_cat","embeddable":true,"href":"https:\/\/clubpandora.cl\/index.php\/wp-json\/wp\/v2\/product_cat?post=1599"},{"taxonomy":"product_tag","embeddable":true,"href":"https:\/\/clubpandora.cl\/index.php\/wp-json\/wp\/v2\/product_tag?post=1599"}],"curies":[{"name":"wp","href":"https:\/\/api.w.org\/{rel}","templated":true}]}}