{"id":1583,"date":"2025-11-06T14:55:51","date_gmt":"2025-11-06T17:55:51","guid":{"rendered":"https:\/\/clubpandora.cl\/?post_type=product&#038;p=1583"},"modified":"2025-11-06T15:00:57","modified_gmt":"2025-11-06T18:00:57","slug":"viernes-7-te-esperamos-con-un-evento-especial-para-parejas-solos-y-solas-haz-tu-reserva-solo-en-nuestro-wsp-56950011918","status":"publish","type":"product","link":"https:\/\/clubpandora.cl\/index.php\/producto\/viernes-7-te-esperamos-con-un-evento-especial-para-parejas-solos-y-solas-haz-tu-reserva-solo-en-nuestro-wsp-56950011918\/","title":{"rendered":"VIERNES 7 , TE ESPERAMOS CON UN EVENTO ESPECIAL PARA PAREJAS , SOLOS Y SOLAS , HAZ TU RESERVA SOLO EN NUESTRO WSP +56950011918"},"content":{"rendered":"","protected":false},"excerpt":{"rendered":"<p>Este viernes una seductora y fogosa noche para disfrutar de la compa\u00f1\u00eda de audaces amigos ,una jornada cargada de energ\u00eda er\u00f3tica , solo para quienes se atreven ,una noche de *SECRETO DE TRES*<\/p>\n<p>Te esperamos a partir de las 22,30<\/p>\n","protected":false},"featured_media":1584,"comment_status":"open","ping_status":"closed","template":"","meta":{"_uag_custom_page_level_css":""},"pwb-brand":[],"product_cat":[19],"product_tag":[],"class_list":{"0":"post-1583","1":"product","2":"type-product","3":"status-publish","4":"has-post-thumbnail","6":"product_cat-sin-categoria","8":"first","9":"instock","10":"taxable","11":"shipping-taxable","12":"purchasable","13":"product-type-simple"},"uagb_featured_image_src":{"full":["https:\/\/clubpandora.cl\/wp-content\/uploads\/2025\/11\/IMG-20251104-WA0002.jpg",1080,1080,false],"thumbnail":["https:\/\/clubpandora.cl\/wp-content\/uploads\/2025\/11\/IMG-20251104-WA0002-150x150.jpg",150,150,true],"medium":["https:\/\/clubpandora.cl\/wp-content\/uploads\/2025\/11\/IMG-20251104-WA0002-300x300.jpg",300,300,true],"medium_large":["https:\/\/clubpandora.cl\/wp-content\/uploads\/2025\/11\/IMG-20251104-WA0002-768x768.jpg",768,768,true],"large":["https:\/\/clubpandora.cl\/wp-content\/uploads\/2025\/11\/IMG-20251104-WA0002-1024x1024.jpg",1024,1024,true],"1536x1536":["https:\/\/clubpandora.cl\/wp-content\/uploads\/2025\/11\/IMG-20251104-WA0002.jpg",1080,1080,false],"2048x2048":["https:\/\/clubpandora.cl\/wp-content\/uploads\/2025\/11\/IMG-20251104-WA0002.jpg",1080,1080,false],"woocommerce_thumbnail":["https:\/\/clubpandora.cl\/wp-content\/uploads\/2025\/11\/IMG-20251104-WA0002-300x300.jpg",300,300,true],"woocommerce_single":["https:\/\/clubpandora.cl\/wp-content\/uploads\/2025\/11\/IMG-20251104-WA0002-600x600.jpg",600,600,true],"woocommerce_gallery_thumbnail":["https:\/\/clubpandora.cl\/wp-content\/uploads\/2025\/11\/IMG-20251104-WA0002-100x100.jpg",100,100,true]},"uagb_author_info":{"display_name":"Admin Pandora","author_link":"https:\/\/clubpandora.cl\/index.php\/author\/"},"uagb_comment_info":0,"uagb_excerpt":"Este viernes una seductora y fogosa noche para disfrutar de la compa\u00f1\u00eda de audaces amigos ,una jornada cargada de energ\u00eda er\u00f3tica , solo para quienes se atreven ,una noche de *SECRETO DE TRES* Te esperamos a partir de las 22,30","brands":[],"_links":{"self":[{"href":"https:\/\/clubpandora.cl\/index.php\/wp-json\/wp\/v2\/product\/1583","targetHints":{"allow":["GET"]}}],"collection":[{"href":"https:\/\/clubpandora.cl\/index.php\/wp-json\/wp\/v2\/product"}],"about":[{"href":"https:\/\/clubpandora.cl\/index.php\/wp-json\/wp\/v2\/types\/product"}],"replies":[{"embeddable":true,"href":"https:\/\/clubpandora.cl\/index.php\/wp-json\/wp\/v2\/comments?post=1583"}],"wp:featuredmedia":[{"embeddable":true,"href":"https:\/\/clubpandora.cl\/index.php\/wp-json\/wp\/v2\/media\/1584"}],"wp:attachment":[{"href":"https:\/\/clubpandora.cl\/index.php\/wp-json\/wp\/v2\/media?parent=1583"}],"wp:term":[{"taxonomy":"pwb-brand","embeddable":true,"href":"https:\/\/clubpandora.cl\/index.php\/wp-json\/wp\/v2\/pwb-brand?post=1583"},{"taxonomy":"product_cat","embeddable":true,"href":"https:\/\/clubpandora.cl\/index.php\/wp-json\/wp\/v2\/product_cat?post=1583"},{"taxonomy":"product_tag","embeddable":true,"href":"https:\/\/clubpandora.cl\/index.php\/wp-json\/wp\/v2\/product_tag?post=1583"}],"curies":[{"name":"wp","href":"https:\/\/api.w.org\/{rel}","templated":true}]}}