{"id":1542,"date":"2025-10-02T01:20:56","date_gmt":"2025-10-02T04:20:56","guid":{"rendered":"https:\/\/clubpandora.cl\/?post_type=product&#038;p=1542"},"modified":"2025-10-02T01:33:50","modified_gmt":"2025-10-02T04:33:50","slug":"sabado-4-evento-exclusivo-para-parejas-y-mujeres-solas-una-noche-especial-femme-fatale-haz-tu-reserva-solo-en-nuestro-wsp-56950011918-te-esperamos-apartir-de-las-2230","status":"publish","type":"product","link":"https:\/\/clubpandora.cl\/index.php\/producto\/sabado-4-evento-exclusivo-para-parejas-y-mujeres-solas-una-noche-especial-femme-fatale-haz-tu-reserva-solo-en-nuestro-wsp-56950011918-te-esperamos-apartir-de-las-2230\/","title":{"rendered":"SABADO 4 EVENTO EXCLUSIVO PARA PAREJAS Y MUJERES SOLAS UNA NOCHE ESPECIAL * FEMME FATALE* HAZ TU RESERVA SOLO EN NUESTRO WSP +56950011918 TE ESPERAMOS APARTIR DE LAS 22,30"},"content":{"rendered":"","protected":false},"excerpt":{"rendered":"<p>S\u00e1bado 4 , una noche para que todas\u00a0 las chicas audaces\u00a0 brillen y se destaquen como todas unas * FEMME FATALE * .<\/p>\n<p>una noche sensual y provocadora ,sexy show\u00a0 er\u00f3tico y la celebraci\u00f3n del cumplea\u00f1os de nuestra\u00a0 querida amiga PILAR.<\/p>\n<p>Animaci\u00f3n de Carlitos Reyes ,la mejor m\u00fasica de FITO DJ y el mejor ambiente para parejas en Santiago.<\/p>\n","protected":false},"featured_media":1543,"comment_status":"open","ping_status":"closed","template":"","meta":{"_uag_custom_page_level_css":""},"pwb-brand":[],"product_cat":[19],"product_tag":[],"class_list":{"0":"post-1542","1":"product","2":"type-product","3":"status-publish","4":"has-post-thumbnail","6":"product_cat-sin-categoria","8":"first","9":"instock","10":"taxable","11":"shipping-taxable","12":"purchasable","13":"product-type-simple"},"uagb_featured_image_src":{"full":["https:\/\/clubpandora.cl\/wp-content\/uploads\/2025\/10\/IMG-20250930-WA0006.jpg",1080,1080,false],"thumbnail":["https:\/\/clubpandora.cl\/wp-content\/uploads\/2025\/10\/IMG-20250930-WA0006-150x150.jpg",150,150,true],"medium":["https:\/\/clubpandora.cl\/wp-content\/uploads\/2025\/10\/IMG-20250930-WA0006-300x300.jpg",300,300,true],"medium_large":["https:\/\/clubpandora.cl\/wp-content\/uploads\/2025\/10\/IMG-20250930-WA0006-768x768.jpg",768,768,true],"large":["https:\/\/clubpandora.cl\/wp-content\/uploads\/2025\/10\/IMG-20250930-WA0006-1024x1024.jpg",1024,1024,true],"1536x1536":["https:\/\/clubpandora.cl\/wp-content\/uploads\/2025\/10\/IMG-20250930-WA0006.jpg",1080,1080,false],"2048x2048":["https:\/\/clubpandora.cl\/wp-content\/uploads\/2025\/10\/IMG-20250930-WA0006.jpg",1080,1080,false],"woocommerce_thumbnail":["https:\/\/clubpandora.cl\/wp-content\/uploads\/2025\/10\/IMG-20250930-WA0006-300x300.jpg",300,300,true],"woocommerce_single":["https:\/\/clubpandora.cl\/wp-content\/uploads\/2025\/10\/IMG-20250930-WA0006-600x600.jpg",600,600,true],"woocommerce_gallery_thumbnail":["https:\/\/clubpandora.cl\/wp-content\/uploads\/2025\/10\/IMG-20250930-WA0006-100x100.jpg",100,100,true]},"uagb_author_info":{"display_name":"Admin Pandora","author_link":"https:\/\/clubpandora.cl\/index.php\/author\/"},"uagb_comment_info":0,"uagb_excerpt":"S\u00e1bado 4 , una noche para que todas\u00a0 las chicas audaces\u00a0 brillen y se destaquen como todas unas * FEMME FATALE * . una noche sensual y provocadora ,sexy show\u00a0 er\u00f3tico y la celebraci\u00f3n del cumplea\u00f1os de nuestra\u00a0 querida amiga PILAR. Animaci\u00f3n de Carlitos Reyes ,la mejor m\u00fasica de FITO DJ y el mejor ambiente&hellip;","brands":[],"_links":{"self":[{"href":"https:\/\/clubpandora.cl\/index.php\/wp-json\/wp\/v2\/product\/1542","targetHints":{"allow":["GET"]}}],"collection":[{"href":"https:\/\/clubpandora.cl\/index.php\/wp-json\/wp\/v2\/product"}],"about":[{"href":"https:\/\/clubpandora.cl\/index.php\/wp-json\/wp\/v2\/types\/product"}],"replies":[{"embeddable":true,"href":"https:\/\/clubpandora.cl\/index.php\/wp-json\/wp\/v2\/comments?post=1542"}],"wp:featuredmedia":[{"embeddable":true,"href":"https:\/\/clubpandora.cl\/index.php\/wp-json\/wp\/v2\/media\/1543"}],"wp:attachment":[{"href":"https:\/\/clubpandora.cl\/index.php\/wp-json\/wp\/v2\/media?parent=1542"}],"wp:term":[{"taxonomy":"pwb-brand","embeddable":true,"href":"https:\/\/clubpandora.cl\/index.php\/wp-json\/wp\/v2\/pwb-brand?post=1542"},{"taxonomy":"product_cat","embeddable":true,"href":"https:\/\/clubpandora.cl\/index.php\/wp-json\/wp\/v2\/product_cat?post=1542"},{"taxonomy":"product_tag","embeddable":true,"href":"https:\/\/clubpandora.cl\/index.php\/wp-json\/wp\/v2\/product_tag?post=1542"}],"curies":[{"name":"wp","href":"https:\/\/api.w.org\/{rel}","templated":true}]}}