{"id":58,"date":"2024-11-19T15:57:10","date_gmt":"2024-11-19T18:57:10","guid":{"rendered":"http:\/\/www.clubpandora.cl\/?page_id=58"},"modified":"2024-12-04T12:10:34","modified_gmt":"2024-12-04T15:10:34","slug":"normas-de-convivencia","status":"publish","type":"page","link":"https:\/\/clubpandora.cl\/index.php\/normas-de-convivencia\/","title":{"rendered":"Normas de convivencia"},"content":{"rendered":"<div data-aos= \"fade-up\" data-aos-duration=\"400\" data-aos-delay=\"0\" data-aos-easing=\"ease\" data-aos-once=\"true\" class=\"wp-block-uagb-container uagb-block-44696bc3 alignfull uagb-is-root-container\"><div class=\"uagb-container-inner-blocks-wrap\"><h1 class=\"wp-block-heading has-medium-font-size\"><mark style=\"background-color:rgba(0, 0, 0, 0)\" class=\"has-inline-color has-base-color\">Club Pandora est\u00e1 enfocado especialmente en las parejas, solos y solas, de mente abierta no&nbsp;mon\u00f3gamos, con amplio criterio de respeto mutuo, tolerancia y el deseo de disfrutar de nuevas experiencias dentro del margen de las normas de convivencia que manejamos.<\/mark><\/h1>\n\n<ul style=\"margin-top:var(--wp--preset--spacing--20);margin-bottom:var(--wp--preset--spacing--20);padding-top:0;padding-bottom:0\" class=\"wp-block-list\"><li class=\"has-base-color has-text-color has-link-color has-medium-font-size wp-elements-b3b077881c03cdc25aee03f4f1bd775e\" style=\"margin-top:var(--wp--preset--spacing--20);margin-bottom:var(--wp--preset--spacing--20);padding-top:var(--wp--preset--spacing--20);padding-right:0;padding-bottom:var(--wp--preset--spacing--20);padding-left:0\">NO ES NO.<\/li>\n\n<li class=\"has-base-color has-text-color has-link-color has-medium-font-size wp-elements-d49ff3ca3eb66f11743ece204f337323\" style=\"margin-top:var(--wp--preset--spacing--20);margin-bottom:var(--wp--preset--spacing--20);padding-top:var(--wp--preset--spacing--20);padding-right:0;padding-bottom:var(--wp--preset--spacing--20);padding-left:0\">Es definitivo, ante cualquier duda es mejor preguntar, el consentimiento debe ser expl\u00edcito y tambi\u00e9n revocable.<\/li>\n\n<li class=\"has-base-color has-text-color has-link-color has-medium-font-size wp-elements-616db266538d0c3aefc2e9f3c15cb483\" style=\"margin-top:var(--wp--preset--spacing--20);margin-bottom:var(--wp--preset--spacing--20);padding-top:var(--wp--preset--spacing--20);padding-right:0;padding-bottom:var(--wp--preset--spacing--20);padding-left:0\">La higiene y presentaci\u00f3n&nbsp;personal son primordiales, siempre cuidar vestuario, perfume, si queremos&nbsp;agradar a los dem\u00e1s.<\/li>\n\n<li class=\"has-base-color has-text-color has-link-color has-medium-font-size wp-elements-8673da6f9519b045224643f4f54185b5\" style=\"margin-top:var(--wp--preset--spacing--20);margin-bottom:var(--wp--preset--spacing--20);padding-top:var(--wp--preset--spacing--20);padding-right:0;padding-bottom:var(--wp--preset--spacing--20);padding-left:0\">Dress code (c\u00f3digo de vestir) obligatorio, no se permite con vestuario inapropiado (no se ingresa&nbsp;con: buzos, pantalones cortos, bermudas, calzas deportivas, poleras de clubes deportivos o sin mangas, calzado playero, zapatillas extravagantes).<\/li>\n\n<li class=\"has-base-color has-text-color has-link-color has-medium-font-size wp-elements-6877ebc198939ca26d5f52b60ccab4fd\" style=\"margin-top:var(--wp--preset--spacing--20);margin-bottom:var(--wp--preset--spacing--20);padding-top:var(--wp--preset--spacing--20);padding-right:0;padding-bottom:var(--wp--preset--spacing--20);padding-left:0\">La cordialidad, tolerancia y buena educaci\u00f3n&nbsp; &nbsp;son esenciales para disfrutar de un ambiente grato y seguro para todos.<\/li>\n\n<li class=\"has-base-color has-text-color has-link-color has-medium-font-size wp-elements-8b34f3710c5222a0a213bbb2a91c6bc5\" style=\"margin-top:var(--wp--preset--spacing--20);margin-bottom:var(--wp--preset--spacing--20);padding-top:var(--wp--preset--spacing--20);padding-right:0;padding-bottom:var(--wp--preset--spacing--20);padding-left:0\">NO se permite tomar im\u00e1genes de ning\u00fan tipo, siempre debemos respetar el anonimato e intimidad de los dem\u00e1s, no compartas im\u00e1genes&nbsp;sin el consentimiento explicito.<\/li>\n\n<li class=\"has-base-color has-text-color has-link-color has-medium-font-size wp-elements-96b410ff4453d66fcf35faa796a10f7c\" style=\"margin-top:var(--wp--preset--spacing--20);margin-bottom:var(--wp--preset--spacing--20);padding-top:var(--wp--preset--spacing--20);padding-right:0;padding-bottom:var(--wp--preset--spacing--20);padding-left:0\">NO se consumen drogas de ning\u00fan&nbsp;tipo.<\/li>\n\n<li class=\"has-base-color has-text-color has-link-color has-medium-font-size wp-elements-12eaa5effd5e665ac026e556af2ef860\" style=\"margin-top:var(--wp--preset--spacing--20);margin-bottom:var(--wp--preset--spacing--20);padding-top:var(--wp--preset--spacing--20);padding-right:0;padding-bottom:var(--wp--preset--spacing--20);padding-left:0\">NO se permite el ingreso de personas en estado de ebriedad o bajo efectos de drogas.<\/li>\n\n<li class=\"has-base-color has-text-color has-link-color has-medium-font-size wp-elements-07e7cc89232663b099c2423fbb600512\" style=\"margin-top:var(--wp--preset--spacing--20);margin-bottom:var(--wp--preset--spacing--20);padding-top:var(--wp--preset--spacing--20);padding-right:0;padding-bottom:var(--wp--preset--spacing--20);padding-left:0\">Se bebe lo justo.<\/li>\n\n<li class=\"has-base-color has-text-color has-link-color has-medium-font-size wp-elements-73b82c4ad24a411ca08a47c133165ecd\" style=\"margin-top:var(--wp--preset--spacing--20);margin-bottom:var(--wp--preset--spacing--20);padding-top:var(--wp--preset--spacing--20);padding-right:0;padding-bottom:var(--wp--preset--spacing--20);padding-left:0\">NO te sientas obligado(a) hacer nada que te&nbsp;incomode.<\/li>\n\n<li class=\"has-base-color has-text-color has-link-color has-medium-font-size wp-elements-fe648b0014f7b08eb685d1ba84fd1be1\" style=\"margin-top:var(--wp--preset--spacing--20);margin-bottom:var(--wp--preset--spacing--20);padding-top:var(--wp--preset--spacing--20);padding-right:0;padding-bottom:var(--wp--preset--spacing--20);padding-left:0\">NO se permite el comercio sexual.<\/li>\n\n<li class=\"has-base-color has-text-color has-link-color has-medium-font-size wp-elements-dac0e7a4ddfe6948520dd1fa59af2bf9\" style=\"margin-top:var(--wp--preset--spacing--20);margin-bottom:var(--wp--preset--spacing--20);padding-top:var(--wp--preset--spacing--20);padding-right:0;padding-bottom:var(--wp--preset--spacing--20);padding-left:0\">NO se permite el ingreso a personas menores de edad.<\/li>\n\n<li class=\"has-base-color has-text-color has-link-color has-medium-font-size wp-elements-308d020b64025f6e9eded2c68a09a2c9\" style=\"margin-top:var(--wp--preset--spacing--20);margin-bottom:var(--wp--preset--spacing--20);padding-top:var(--wp--preset--spacing--20);padding-right:0;padding-bottom:var(--wp--preset--spacing--20);padding-left:0\">Edad m\u00ednima&nbsp;para asistir, mujeres 21 a\u00f1os, varones 25.<\/li>\n\n<li class=\"has-base-color has-text-color has-link-color has-medium-font-size wp-elements-062184317834ec23e63ff9f2a99be72e\" style=\"margin-top:var(--wp--preset--spacing--20);margin-bottom:var(--wp--preset--spacing--20);padding-top:var(--wp--preset--spacing--20);padding-right:0;padding-bottom:var(--wp--preset--spacing--20);padding-left:0\">Conocer las normas y condiciones es importante antes de tomar la decisi\u00f3n de asistir a un club o fiesta privada.<\/li>\n\n<li class=\"has-base-color has-text-color has-link-color has-medium-font-size wp-elements-9bf072515a7777b6ca338f977a5fd134\" style=\"margin-top:var(--wp--preset--spacing--20);margin-bottom:var(--wp--preset--spacing--20);padding-top:var(--wp--preset--spacing--20);padding-right:0;padding-bottom:var(--wp--preset--spacing--20);padding-left:0\">PANDORA CLUB BAR, se reserva el derecho a ingreso.<\/li><\/ul><\/div><\/div><div data-aos= \"fade-up\" data-aos-duration=\"400\" data-aos-delay=\"0\" data-aos-easing=\"ease\" data-aos-once=\"true\" class=\"wp-block-uagb-container uagb-block-66135c88 alignfull uagb-is-root-container\"><div class=\"uagb-container-inner-blocks-wrap\"><div class=\"wp-block-media-text has-media-on-the-right is-stacked-on-mobile is-vertically-aligned-center is-image-fill-element has-background\" style=\"border-radius:8px;background-color:#00000066;grid-template-columns:auto 33%\"><div class=\"wp-block-media-text__content\"><h3 class=\"wp-block-heading has-medium-font-size\"><mark style=\"background-color:rgba(0, 0, 0, 0)\" class=\"has-inline-color has-base-color\">No queremos personas que no les importe cumplir con las normas y condiciones.<\/mark><br><br><mark style=\"background-color:rgba(0, 0, 0, 0)\" class=\"has-inline-color has-base-color\"><strong>NOTA: <\/strong><br><br>SE RECOMIENDA EL USO DE LOCKERS.<br><br>Evite la p\u00e9rdida de art\u00edculos de valor o efectos personales (celulares, carteras, billeteras, vestimenta, etc.).&nbsp;&nbsp;<\/mark><\/h3><\/div><figure class=\"wp-block-media-text__media\"><img fetchpriority=\"high\" decoding=\"async\" width=\"1024\" height=\"1024\" src=\"https:\/\/clubpandora.cl\/wp-content\/uploads\/2024\/11\/FB_IMG_1731529645887-edited-1024x1024.jpg\" alt=\"\" class=\"wp-image-881 size-full\" style=\"object-position:45% 0%\" srcset=\"https:\/\/clubpandora.cl\/wp-content\/uploads\/2024\/11\/FB_IMG_1731529645887-edited-1024x1024.jpg 1024w, https:\/\/clubpandora.cl\/wp-content\/uploads\/2024\/11\/FB_IMG_1731529645887-edited-300x300.jpg 300w, https:\/\/clubpandora.cl\/wp-content\/uploads\/2024\/11\/FB_IMG_1731529645887-edited-150x150.jpg 150w, https:\/\/clubpandora.cl\/wp-content\/uploads\/2024\/11\/FB_IMG_1731529645887-edited-768x768.jpg 768w, https:\/\/clubpandora.cl\/wp-content\/uploads\/2024\/11\/FB_IMG_1731529645887-edited-600x600.jpg 600w, https:\/\/clubpandora.cl\/wp-content\/uploads\/2024\/11\/FB_IMG_1731529645887-edited-100x100.jpg 100w, https:\/\/clubpandora.cl\/wp-content\/uploads\/2024\/11\/FB_IMG_1731529645887-edited.jpg 1080w\" sizes=\"(max-width: 1024px) 100vw, 1024px\" \/><\/figure><\/div><\/div><\/div><div data-aos= \"fade-up\" data-aos-duration=\"400\" data-aos-delay=\"0\" data-aos-easing=\"ease\" data-aos-once=\"true\" class=\"wp-block-uagb-container uagb-block-71ab9c5d alignfull uagb-is-root-container\"><div class=\"uagb-container-inner-blocks-wrap\"><h2 class=\"wp-block-heading has-text-align-center\">\ud83d\udd51<br>HORARIO<\/h2>\n\n<p class=\"has-text-align-center has-medium-font-size\"><mark style=\"background-color:rgba(0, 0, 0, 0)\" class=\"has-inline-color has-base-color\">VIERNES, S\u00c1BADO Y V\u00cdSPERAS DE FESTIVOS, CUALQUIER OTROS EVENTOS EN DIAS DISTINTOS SE PUBLICAN.\u00a0<\/mark><br><mark style=\"background-color:rgba(0, 0, 0, 0)\" class=\"has-inline-color has-base-color\"><br>22:30 HASTA 4:00 DE LA MADRUGADA.\u00a0<\/mark><\/p><\/div><\/div><div class=\"wp-block-columns are-vertically-aligned-center is-layout-flex wp-container-core-columns-is-layout-28f84493 wp-block-columns-is-layout-flex\"><div class=\"wp-block-column is-vertically-aligned-center is-layout-flow wp-block-column-is-layout-flow\" style=\"flex-basis:100%\"><\/div><\/div><p><\/p>","protected":false},"excerpt":{"rendered":"<p>Club Pandora est\u00e1 enfocado especialmente en las parejas, solos y solas, de mente abierta no&nbsp;mon\u00f3gamos, con amplio criterio de respeto mutuo, tolerancia y el deseo de disfrutar de nuevas experiencias dentro del margen de las normas de convivencia que manejamos. No queremos personas que no les importe cumplir con las normas y condiciones. NOTA: SE [&hellip;]<\/p>\n","protected":false},"author":1,"featured_media":0,"parent":0,"menu_order":0,"comment_status":"closed","ping_status":"closed","template":"","meta":{"_uag_custom_page_level_css":"","footnotes":""},"class_list":["post-58","page","type-page","status-publish","hentry"],"uagb_featured_image_src":{"full":false,"thumbnail":false,"medium":false,"medium_large":false,"large":false,"1536x1536":false,"2048x2048":false,"woocommerce_thumbnail":false,"woocommerce_single":false,"woocommerce_gallery_thumbnail":false},"uagb_author_info":{"display_name":"fabian","author_link":"https:\/\/clubpandora.cl\/index.php\/author\/fabian\/"},"uagb_comment_info":0,"uagb_excerpt":"Club Pandora est\u00e1 enfocado especialmente en las parejas, solos y solas, de mente abierta no&nbsp;mon\u00f3gamos, con amplio criterio de respeto mutuo, tolerancia y el deseo de disfrutar de nuevas experiencias dentro del margen de las normas de convivencia que manejamos. No queremos personas que no les importe cumplir con las normas y condiciones. NOTA: SE&hellip;","_links":{"self":[{"href":"https:\/\/clubpandora.cl\/index.php\/wp-json\/wp\/v2\/pages\/58","targetHints":{"allow":["GET"]}}],"collection":[{"href":"https:\/\/clubpandora.cl\/index.php\/wp-json\/wp\/v2\/pages"}],"about":[{"href":"https:\/\/clubpandora.cl\/index.php\/wp-json\/wp\/v2\/types\/page"}],"author":[{"embeddable":true,"href":"https:\/\/clubpandora.cl\/index.php\/wp-json\/wp\/v2\/users\/1"}],"replies":[{"embeddable":true,"href":"https:\/\/clubpandora.cl\/index.php\/wp-json\/wp\/v2\/comments?post=58"}],"version-history":[{"count":23,"href":"https:\/\/clubpandora.cl\/index.php\/wp-json\/wp\/v2\/pages\/58\/revisions"}],"predecessor-version":[{"id":950,"href":"https:\/\/clubpandora.cl\/index.php\/wp-json\/wp\/v2\/pages\/58\/revisions\/950"}],"wp:attachment":[{"href":"https:\/\/clubpandora.cl\/index.php\/wp-json\/wp\/v2\/media?parent=58"}],"curies":[{"name":"wp","href":"https:\/\/api.w.org\/{rel}","templated":true}]}}