{"id":51,"date":"2024-11-19T15:41:12","date_gmt":"2024-11-19T18:41:12","guid":{"rendered":"http:\/\/www.clubpandora.cl\/?page_id=51"},"modified":"2024-12-04T12:37:57","modified_gmt":"2024-12-04T15:37:57","slug":"sobre-nosotros","status":"publish","type":"page","link":"https:\/\/clubpandora.cl\/index.php\/sobre-nosotros\/","title":{"rendered":"Sobre nosotros"},"content":{"rendered":"<div data-aos= \"fade\" data-aos-duration=\"400\" data-aos-delay=\"0\" data-aos-easing=\"ease\" data-aos-once=\"true\" class=\"wp-block-uagb-container uagb-block-8e30c4ce alignfull uagb-is-root-container\"><div class=\"uagb-container-inner-blocks-wrap\"><h1 class=\"wp-block-heading has-text-align-left has-medium-font-size\"><mark style=\"background-color:rgba(0, 0, 0, 0)\" class=\"has-inline-color has-base-color\">Somos un club con m\u00e1s&nbsp;de <strong>15 a\u00f1os <\/strong>de experiencia en el desarrollo en eventos y fiestas privadas para adultos (parejas, solos y solas) que buscan un espacio, que les brinde seguridad, privacidad respetando el anonimato.<\/mark><\/h1>\n\n<p class=\"has-base-color has-text-color has-link-color has-medium-font-size wp-elements-8d6b3d6dc6e6102cae6d985cfda9e19c\">Un lugar para <mark style=\"background-color:rgba(0, 0, 0, 0)\" class=\"has-inline-color has-base-color\">conocer personas <\/mark>con sus<mark style=\"background-color:rgba(0, 0, 0, 0);color:#d32323\" class=\"has-inline-color\"> <\/mark><mark style=\"background-color:rgba(0, 0, 0, 0)\" class=\"has-inline-color has-base-color\">mismos objetivos<\/mark>.<\/p><\/div><\/div><div data-aos= \"fade-up\" data-aos-duration=\"400\" data-aos-delay=\"0\" data-aos-easing=\"ease\" data-aos-once=\"true\" class=\"wp-block-uagb-container uagb-block-66135c88 alignfull uagb-is-root-container\"><div class=\"uagb-container-inner-blocks-wrap\"><div class=\"wp-block-media-text is-stacked-on-mobile is-vertically-aligned-center is-image-fill-element has-background\" style=\"border-radius:8px;background-color:#00000066;grid-template-columns:33% auto\"><figure class=\"wp-block-media-text__media\"><img fetchpriority=\"high\" decoding=\"async\" width=\"1440\" height=\"1440\" src=\"https:\/\/clubpandora.cl\/wp-content\/uploads\/2024\/11\/IMG_20241105_174705_590-1.webp\" alt=\"\" class=\"wp-image-328 size-full\" style=\"object-position:60% 50%\" srcset=\"https:\/\/clubpandora.cl\/wp-content\/uploads\/2024\/11\/IMG_20241105_174705_590-1.webp 1440w, https:\/\/clubpandora.cl\/wp-content\/uploads\/2024\/11\/IMG_20241105_174705_590-1-300x300.webp 300w, https:\/\/clubpandora.cl\/wp-content\/uploads\/2024\/11\/IMG_20241105_174705_590-1-1024x1024.webp 1024w, https:\/\/clubpandora.cl\/wp-content\/uploads\/2024\/11\/IMG_20241105_174705_590-1-150x150.webp 150w, https:\/\/clubpandora.cl\/wp-content\/uploads\/2024\/11\/IMG_20241105_174705_590-1-768x768.webp 768w, https:\/\/clubpandora.cl\/wp-content\/uploads\/2024\/11\/IMG_20241105_174705_590-1-600x600.webp 600w, https:\/\/clubpandora.cl\/wp-content\/uploads\/2024\/11\/IMG_20241105_174705_590-1-100x100.webp 100w\" sizes=\"(max-width: 1440px) 100vw, 1440px\" \/><\/figure><div class=\"wp-block-media-text__content\"><h3 class=\"wp-block-heading has-medium-font-size\">A quienes nos buscan tratamos de darles la mayor cantidad de informaci\u00f3n para que puedan tomar una <mark style=\"background-color:rgba(0, 0, 0, 0)\" class=\"has-inline-color has-base-color\">decisi\u00f3n informada<\/mark> antes de visitar el club o asistir a fiestas privadas, dej\u00e1ndoles claro que son ellos los que controlan sus opciones.<\/h3>\n\n<p><\/p><\/div><\/div><\/div><\/div><p><\/p><div data-aos= \"fade-up\" data-aos-duration=\"400\" data-aos-delay=\"0\" data-aos-easing=\"ease\" data-aos-once=\"true\" class=\"wp-block-uagb-container uagb-block-abc6b78f alignfull uagb-is-root-container\"><div class=\"uagb-container-inner-blocks-wrap\"><h2 class=\"wp-block-heading has-base-color has-text-color has-link-color has-medium-font-size wp-elements-72fbdfe6f83fd315c40995bffedb3410\">Conocer las normas, saber que hay otras<mark style=\"background-color:rgba(0, 0, 0, 0)\" class=\"has-inline-color has-base-color\"> opciones de entretenci\u00f3n <\/mark>durante el desarrollo de los eventos, que nunca estar\u00e1n&nbsp;obligados a hacer nada si no se sienten preparados.<\/h2>\n\n<h2 class=\"wp-block-heading has-base-color has-text-color has-link-color has-medium-font-size wp-elements-87ae42583e96c806996172b94e296bec\"><strong>Las opciones para disfrutar del ambiente sin apurarse son diversas<\/strong>.<\/h2>\n\n<ul class=\"wp-block-list\"><li class=\"has-base-color has-text-color has-link-color has-medium-font-size wp-elements-0da345567397a4ca8c8acde2de6914a1\" style=\"margin-top:var(--wp--preset--spacing--20);margin-right:var(--wp--preset--spacing--20);margin-bottom:var(--wp--preset--spacing--20);margin-left:var(--wp--preset--spacing--20)\">DJ en vivo <\/li>\n\n<li class=\"has-base-color has-text-color has-link-color has-medium-font-size wp-elements-57db33c252f896d2afa0d6e81fa347b2\" style=\"margin-top:var(--wp--preset--spacing--20);margin-right:var(--wp--preset--spacing--20);margin-bottom:var(--wp--preset--spacing--20);margin-left:var(--wp--preset--spacing--20)\">Pista de baile <\/li>\n\n<li class=\"has-base-color has-text-color has-link-color has-medium-font-size wp-elements-cc901505c899dca9f3db8445cb344e87\" style=\"margin-top:var(--wp--preset--spacing--20);margin-right:var(--wp--preset--spacing--20);margin-bottom:var(--wp--preset--spacing--20);margin-left:var(--wp--preset--spacing--20)\">Show er\u00f3tico para ellos y para ellas<\/li>\n\n<li class=\"has-base-color has-text-color has-link-color has-medium-font-size wp-elements-166ce3b012e0ed7d93f703f2a7a646e0\" style=\"margin-top:var(--wp--preset--spacing--20);margin-right:var(--wp--preset--spacing--20);margin-bottom:var(--wp--preset--spacing--20);margin-left:var(--wp--preset--spacing--20)\">Zonas de conversaci\u00f3n para conocer a otras personas<\/li>\n\n<li class=\"has-base-color has-text-color has-link-color has-medium-font-size wp-elements-2fd36bc8773802285d615a4d60625fac\" style=\"margin-top:var(--wp--preset--spacing--20);margin-right:var(--wp--preset--spacing--20);margin-bottom:var(--wp--preset--spacing--20);margin-left:var(--wp--preset--spacing--20)\">Barra de tragos con reconocidas marcas<\/li>\n\n<li class=\"has-base-color has-text-color has-link-color has-medium-font-size wp-elements-0933f2954b1da3bd298a0df1969d6e50\" style=\"margin-top:var(--wp--preset--spacing--20);margin-right:var(--wp--preset--spacing--20);margin-bottom:var(--wp--preset--spacing--20);margin-left:var(--wp--preset--spacing--20)\">Play rooms.&nbsp;<\/li><\/ul>\n\n<h2 class=\"wp-block-heading has-base-color has-text-color has-link-color has-medium-font-size wp-elements-10726e351658e60f941a84ffd9884436\">Tambi\u00e9n&nbsp;contamos con <mark style=\"background-color:rgba(0, 0, 0, 0)\" class=\"has-inline-color has-base-color\">seguridad <\/mark>dentro del local y personal para el cuidado de los veh\u00edculos.<\/h2><\/div><\/div><div data-aos= \"fade-up\" data-aos-duration=\"400\" data-aos-delay=\"0\" data-aos-easing=\"ease\" data-aos-once=\"true\" class=\"wp-block-uagb-info-box uagb-block-6c2ff611 uagb-infobox__content-wrap  uagb-infobox-icon-above-title uagb-infobox-image-valign-top\"><div class=\"uagb-ifb-content\"><div class=\"uagb-ifb-icon-wrap\"><svg xmlns=\"https:\/\/www.w3.org\/2000\/svg\" viewBox=\"0 0 512 512\"><path d=\"M0 256C0 114.6 114.6 0 256 0C397.4 0 512 114.6 512 256C512 397.4 397.4 512 256 512C114.6 512 0 397.4 0 256zM371.8 211.8C382.7 200.9 382.7 183.1 371.8 172.2C360.9 161.3 343.1 161.3 332.2 172.2L224 280.4L179.8 236.2C168.9 225.3 151.1 225.3 140.2 236.2C129.3 247.1 129.3 264.9 140.2 275.8L204.2 339.8C215.1 350.7 232.9 350.7 243.8 339.8L371.8 211.8z\"><\/path><\/svg><\/div><div class=\"uagb-ifb-title-wrap\"><h3 class=\"uagb-ifb-title\"><br>Objetivo<br><\/h3><\/div><p class=\"uagb-ifb-desc\"><mark style=\"background-color:rgba(0, 0, 0, 0)\" class=\"has-inline-color has-base-color\">Disfrutar de un espacio c\u00f3modo, grato, \u00edntimo, privado y seguro, para conocer a personas con sus mismas inquietudes. <br><br>Un lugar que les ofrezca la opci\u00f3n de cumplir sus fantas\u00edas, un espacio para adultos y adultos j\u00f3venes,<em> que buscan disfrutar de la seducci\u00f3n y experimentar nuevas sensaciones abiertamente en un ambiente controlado.&nbsp;<\/em><\/mark><\/p><\/div><\/div><p><\/p>","protected":false},"excerpt":{"rendered":"<p>Somos un club con m\u00e1s&nbsp;de 15 a\u00f1os de experiencia en el desarrollo en eventos y fiestas privadas para adultos (parejas, solos y solas) que buscan un espacio, que les brinde seguridad, privacidad respetando el anonimato. Un lugar para conocer personas con sus mismos objetivos. A quienes nos buscan tratamos de darles la mayor cantidad de [&hellip;]<\/p>\n","protected":false},"author":1,"featured_media":0,"parent":0,"menu_order":0,"comment_status":"closed","ping_status":"closed","template":"","meta":{"_uag_custom_page_level_css":"","footnotes":""},"class_list":["post-51","page","type-page","status-publish","hentry"],"uagb_featured_image_src":{"full":false,"thumbnail":false,"medium":false,"medium_large":false,"large":false,"1536x1536":false,"2048x2048":false,"woocommerce_thumbnail":false,"woocommerce_single":false,"woocommerce_gallery_thumbnail":false},"uagb_author_info":{"display_name":"fabian","author_link":"https:\/\/clubpandora.cl\/index.php\/author\/fabian\/"},"uagb_comment_info":0,"uagb_excerpt":"Somos un club con m\u00e1s&nbsp;de 15 a\u00f1os de experiencia en el desarrollo en eventos y fiestas privadas para adultos (parejas, solos y solas) que buscan un espacio, que les brinde seguridad, privacidad respetando el anonimato. Un lugar para conocer personas con sus mismos objetivos. A quienes nos buscan tratamos de darles la mayor cantidad de&hellip;","_links":{"self":[{"href":"https:\/\/clubpandora.cl\/index.php\/wp-json\/wp\/v2\/pages\/51","targetHints":{"allow":["GET"]}}],"collection":[{"href":"https:\/\/clubpandora.cl\/index.php\/wp-json\/wp\/v2\/pages"}],"about":[{"href":"https:\/\/clubpandora.cl\/index.php\/wp-json\/wp\/v2\/types\/page"}],"author":[{"embeddable":true,"href":"https:\/\/clubpandora.cl\/index.php\/wp-json\/wp\/v2\/users\/1"}],"replies":[{"embeddable":true,"href":"https:\/\/clubpandora.cl\/index.php\/wp-json\/wp\/v2\/comments?post=51"}],"version-history":[{"count":29,"href":"https:\/\/clubpandora.cl\/index.php\/wp-json\/wp\/v2\/pages\/51\/revisions"}],"predecessor-version":[{"id":949,"href":"https:\/\/clubpandora.cl\/index.php\/wp-json\/wp\/v2\/pages\/51\/revisions\/949"}],"wp:attachment":[{"href":"https:\/\/clubpandora.cl\/index.php\/wp-json\/wp\/v2\/media?parent=51"}],"curies":[{"name":"wp","href":"https:\/\/api.w.org\/{rel}","templated":true}]}}